{"id":381,"date":"2022-06-14T16:36:28","date_gmt":"2022-06-14T14:36:28","guid":{"rendered":"https:\/\/lequinze.simple.foodle.co\/hotel-grand-place-brussels\/"},"modified":"2022-07-25T08:41:06","modified_gmt":"2022-07-25T06:41:06","slug":"hotel-grand-place-brussels","status":"publish","type":"page","link":"https:\/\/hotel-le-quinze-grand-place.be\/en\/hotel-grand-place-brussels\/","title":{"rendered":"Hotel Grand Place Brussels"},"content":{"rendered":"\n<style type=\"text\/css\" data-created_by=\"avia_inline_auto\" id=\"style-css-av-277sj-2f407654e6fe40b30dc34ef7f1182847\">\n.avia-section.av-277sj-2f407654e6fe40b30dc34ef7f1182847{\nbackground-repeat:no-repeat;\nbackground-image:url(https:\/\/hotel-le-quinze-grand-place.be\/wp-content\/uploads\/sites\/29\/2022\/06\/background_leQuinzejpg-300x200.jpg);\nbackground-position:0% 0%;\nbackground-attachment:scroll;\nmargin-top:0px;\nmargin-bottom:0px;\n}\n<\/style>\n<div id='av_section_1'  class='avia-section av-277sj-2f407654e6fe40b30dc34ef7f1182847 main_color avia-section-large avia-no-border-styling  avia-builder-el-0  el_before_av_section  avia-builder-el-first  bandeFile avia-full-stretch avia-bg-style-scroll container_wrap sidebar_right'  data-section-bg-repeat='stretch'><div class='container av-section-cont-open' ><main  role=\"main\" itemprop=\"mainContentOfPage\"  class='template-page content  av-content-small alpha units'><div class='post-entry post-entry-type-page post-entry-381'><div class='entry-content-wrapper clearfix'>\n\n<style type=\"text\/css\" data-created_by=\"avia_inline_auto\" id=\"style-css-av-l4fr22aq-7f24cd310ed5bb74641a9e19f3f6243b\">\n#top .av-special-heading.av-l4fr22aq-7f24cd310ed5bb74641a9e19f3f6243b{\npadding-bottom:10px;\ncolor:#ffffff;\nfont-size:12px;\n}\nbody .av-special-heading.av-l4fr22aq-7f24cd310ed5bb74641a9e19f3f6243b .av-special-heading-tag .heading-char{\nfont-size:25px;\n}\n#top #wrap_all .av-special-heading.av-l4fr22aq-7f24cd310ed5bb74641a9e19f3f6243b .av-special-heading-tag{\nfont-size:12px;\n}\n.av-special-heading.av-l4fr22aq-7f24cd310ed5bb74641a9e19f3f6243b .special-heading-inner-border{\nborder-color:#ffffff;\n}\n.av-special-heading.av-l4fr22aq-7f24cd310ed5bb74641a9e19f3f6243b .av-subheading{\nfont-size:15px;\n}\n\n@media only screen and (min-width: 480px) and (max-width: 767px){ \n#top #wrap_all .av-special-heading.av-l4fr22aq-7f24cd310ed5bb74641a9e19f3f6243b .av-special-heading-tag{\nfont-size:0.8em;\n}\n}\n\n@media only screen and (max-width: 479px){ \n#top #wrap_all .av-special-heading.av-l4fr22aq-7f24cd310ed5bb74641a9e19f3f6243b .av-special-heading-tag{\nfont-size:0.8em;\n}\n}\n<\/style>\n<div  class='av-special-heading av-l4fr22aq-7f24cd310ed5bb74641a9e19f3f6243b av-special-heading-h2 custom-color-heading blockquote modern-quote modern-centered  avia-builder-el-1  el_before_av_heading  avia-builder-el-first  av-inherit-size'><h2 class='av-special-heading-tag '  itemprop=\"headline\"  >CONTACT<\/h2><div class=\"special-heading-border\"><div class=\"special-heading-inner-border\"><\/div><\/div><\/div>\n\n<style type=\"text\/css\" data-created_by=\"avia_inline_auto\" id=\"style-css-av-l4fr2k8r-68bd21863c6156aeef4c076d2f3a9752\">\n#top .av-special-heading.av-l4fr2k8r-68bd21863c6156aeef4c076d2f3a9752{\npadding-bottom:10px;\ncolor:#ffffff;\nfont-size:40px;\n}\nbody .av-special-heading.av-l4fr2k8r-68bd21863c6156aeef4c076d2f3a9752 .av-special-heading-tag .heading-char{\nfont-size:25px;\n}\n#top #wrap_all .av-special-heading.av-l4fr2k8r-68bd21863c6156aeef4c076d2f3a9752 .av-special-heading-tag{\nfont-size:40px;\n}\n.av-special-heading.av-l4fr2k8r-68bd21863c6156aeef4c076d2f3a9752 .special-heading-inner-border{\nborder-color:#ffffff;\n}\n.av-special-heading.av-l4fr2k8r-68bd21863c6156aeef4c076d2f3a9752 .av-subheading{\nfont-size:15px;\n}\n\n@media only screen and (min-width: 480px) and (max-width: 767px){ \n#top #wrap_all .av-special-heading.av-l4fr2k8r-68bd21863c6156aeef4c076d2f3a9752 .av-special-heading-tag{\nfont-size:0.8em;\n}\n}\n\n@media only screen and (max-width: 479px){ \n#top #wrap_all .av-special-heading.av-l4fr2k8r-68bd21863c6156aeef4c076d2f3a9752 .av-special-heading-tag{\nfont-size:0.8em;\n}\n}\n<\/style>\n<div  class='av-special-heading av-l4fr2k8r-68bd21863c6156aeef4c076d2f3a9752 av-special-heading-h3 custom-color-heading blockquote modern-quote modern-centered  avia-builder-el-2  el_after_av_heading  el_before_av_hr  h3custom av-inherit-size'><h3 class='av-special-heading-tag '  itemprop=\"headline\"  >H\u00f4tel Grand Place Brussels <\/h3><div class=\"special-heading-border\"><div class=\"special-heading-inner-border\"><\/div><\/div><\/div>\n\n<style type=\"text\/css\" data-created_by=\"avia_inline_auto\" id=\"style-css-av-1g0gz-a5c762582a39e1ffc256843272f78da6\">\n#top .hr.av-1g0gz-a5c762582a39e1ffc256843272f78da6{\nmargin-top:-50;\nmargin-bottom:50px;\n}\n.hr.av-1g0gz-a5c762582a39e1ffc256843272f78da6 .hr-inner{\nwidth:90px;\nborder-color:#ff8411;\n}\n<\/style>\n<div  class='hr av-1g0gz-a5c762582a39e1ffc256843272f78da6 hr-custom  avia-builder-el-3  el_after_av_heading  avia-builder-el-last  separateur hr-center hr-icon-no'><span class='hr-inner inner-border-av-border-thin'><span class=\"hr-inner-style\"><\/span><\/span><\/div>\n\n<\/div><\/div><\/main><!-- close content main element --><\/div><\/div><div id='av_section_2'  class='avia-section av-3o9r-ee9cf260fbc393c0890765f6168e81e6 main_color avia-section-default avia-no-border-styling  avia-builder-el-4  el_after_av_section  avia-builder-el-last  avia-bg-style-scroll container_wrap sidebar_right'  ><div class='container av-section-cont-open' ><div class='template-page content  av-content-small alpha units'><div class='post-entry post-entry-type-page post-entry-381'><div class='entry-content-wrapper clearfix'>\n<div  class='flex_column av-5751z-574db83bbeac0854290c293e25cd5c4d av_four_fifth  avia-builder-el-5  el_before_av_one_fifth  avia-builder-el-first  first flex_column_div  '     ><p>\n<style type=\"text\/css\" data-created_by=\"avia_inline_auto\" id=\"style-css-av-l4fr9ix3-7854cf2966ea22661f501b402fd4170e\">\n#top .av-special-heading.av-l4fr9ix3-7854cf2966ea22661f501b402fd4170e{\npadding-bottom:10px;\ncolor:#5e5e5e;\nfont-size:30px;\n}\nbody .av-special-heading.av-l4fr9ix3-7854cf2966ea22661f501b402fd4170e .av-special-heading-tag .heading-char{\nfont-size:25px;\n}\n#top #wrap_all .av-special-heading.av-l4fr9ix3-7854cf2966ea22661f501b402fd4170e .av-special-heading-tag{\nfont-size:30px;\n}\n.av-special-heading.av-l4fr9ix3-7854cf2966ea22661f501b402fd4170e .special-heading-inner-border{\nborder-color:#5e5e5e;\n}\n.av-special-heading.av-l4fr9ix3-7854cf2966ea22661f501b402fd4170e .av-subheading{\nfont-size:15px;\n}\n\n@media only screen and (min-width: 480px) and (max-width: 767px){ \n#top #wrap_all .av-special-heading.av-l4fr9ix3-7854cf2966ea22661f501b402fd4170e .av-special-heading-tag{\nfont-size:0.8em;\n}\n}\n\n@media only screen and (max-width: 479px){ \n#top #wrap_all .av-special-heading.av-l4fr9ix3-7854cf2966ea22661f501b402fd4170e .av-special-heading-tag{\nfont-size:0.8em;\n}\n}\n<\/style>\n<div  class='av-special-heading av-l4fr9ix3-7854cf2966ea22661f501b402fd4170e av-special-heading-h3 custom-color-heading blockquote modern-quote  avia-builder-el-6  el_before_av_textblock  avia-builder-el-first  titleHistory av-inherit-size'><h3 class='av-special-heading-tag '  itemprop=\"headline\"  >A hotel in the heart of Brussels<\/h3><div class=\"special-heading-border\"><div class=\"special-heading-inner-border\"><\/div><\/div><\/div><br \/>\n<section  class='av_textblock_section av-l4fra9bd-d4ce90a869303d84e8aa6fe383db8cf2 '   itemscope=\"itemscope\" itemtype=\"https:\/\/schema.org\/CreativeWork\" ><div class='avia_textblock paragraph'  itemprop=\"text\" ><p style=\"text-align: left\">Notre h\u00f4tel est situ\u00e9 au num\u00e9ro 15 de la fameuse et connue Grand Place de Bruxelles.<\/p>\n<\/div><\/section><br \/>\n\n<style type=\"text\/css\" data-created_by=\"avia_inline_auto\" id=\"style-css-av-l4frbjr7-7781769ec76aa56dcc07df39adb4ad60\">\n#top .av-special-heading.av-l4frbjr7-7781769ec76aa56dcc07df39adb4ad60{\npadding-bottom:10px;\ncolor:#5e5e5e;\nfont-size:30px;\n}\nbody .av-special-heading.av-l4frbjr7-7781769ec76aa56dcc07df39adb4ad60 .av-special-heading-tag .heading-char{\nfont-size:25px;\n}\n#top #wrap_all .av-special-heading.av-l4frbjr7-7781769ec76aa56dcc07df39adb4ad60 .av-special-heading-tag{\nfont-size:30px;\n}\n.av-special-heading.av-l4frbjr7-7781769ec76aa56dcc07df39adb4ad60 .special-heading-inner-border{\nborder-color:#5e5e5e;\n}\n.av-special-heading.av-l4frbjr7-7781769ec76aa56dcc07df39adb4ad60 .av-subheading{\nfont-size:15px;\n}\n\n@media only screen and (min-width: 480px) and (max-width: 767px){ \n#top #wrap_all .av-special-heading.av-l4frbjr7-7781769ec76aa56dcc07df39adb4ad60 .av-special-heading-tag{\nfont-size:0.8em;\n}\n}\n\n@media only screen and (max-width: 479px){ \n#top #wrap_all .av-special-heading.av-l4frbjr7-7781769ec76aa56dcc07df39adb4ad60 .av-special-heading-tag{\nfont-size:0.8em;\n}\n}\n<\/style>\n<div  class='av-special-heading av-l4frbjr7-7781769ec76aa56dcc07df39adb4ad60 av-special-heading-h3 custom-color-heading blockquote modern-quote  avia-builder-el-8  el_after_av_textblock  el_before_av_textblock  titleHistory av-inherit-size'><h3 class='av-special-heading-tag '  itemprop=\"headline\"  >contact us<\/h3><div class=\"special-heading-border\"><div class=\"special-heading-inner-border\"><\/div><\/div><\/div><br \/>\n<section  class='av_textblock_section av-l4frbvzf-a153501c46cc82876474057de9931dce '   itemscope=\"itemscope\" itemtype=\"https:\/\/schema.org\/CreativeWork\" ><div class='avia_textblock paragraph'  itemprop=\"text\" ><p>For all inquiries, please contact us via our contact form below.<\/p>\n<p>We will answer you as soon as possible.<\/p>\n<\/div><\/section><br \/>\n<form action=\"https:\/\/hotel-le-quinze-grand-place.be\/en\/hotel-grand-place-brussels\/\" method=\"post\" data-fields-with-error=\"Found errors in the following field(s):\" class=\"avia_ajax_form av-form-labels-hidden   avia-builder-el-10  el_after_av_textblock  avia-builder-el-last  av-custom-form-color av-dark-form \" data-avia-form-id=\"1\" data-avia-redirect=''  id=\"contactForm\" ><h3 class='contactForm'>Send us an e-mail<\/h3><fieldset><p class='  first_form  form_element form_fullwidth' id='element_avia_1_1'><label for=\"avia_1_1\">Your name <abbr class=\"required\" title=\"required\">*<\/abbr><\/label> <input name=\"avia_1_1\" class=\"text_input is_empty\" type=\"text\" id=\"avia_1_1\" value=\"\"  placeholder='Your name*'\/><\/p><p class='  first_form  form_element form_fullwidth' id='element_avia_2_1'><label for=\"avia_2_1\">Your email <abbr class=\"required\" title=\"required\">*<\/abbr><\/label> <input name=\"avia_2_1\" class=\"text_input is_email\" type=\"text\" id=\"avia_2_1\" value=\"\"  placeholder='Your email*'\/><\/p><p class='  first_form  form_element form_fullwidth' id='element_avia_3_1'><label for=\"avia_3_1\">Topic <abbr class=\"required\" title=\"required\">*<\/abbr><\/label> <input name=\"avia_3_1\" class=\"text_input is_empty\" type=\"text\" id=\"avia_3_1\" value=\"\"  placeholder='Topic*'\/><\/p><p class='  first_form  form_element form_fullwidth av-last-visible-form-element' id='element_avia_4_1'><label for=\"avia_4_1\" class=\"textare_label hidden textare_label_avia_4_1\">Message <abbr class=\"required\" title=\"required\">*<\/abbr><\/label><textarea  placeholder='Message*' name=\"avia_4_1\" class=\"text_area is_empty\" cols=\"40\" rows=\"7\" id=\"avia_4_1\" ><\/textarea><\/p><p class=\"hidden\"><input type=\"text\" name=\"avia_5_1\" class=\"hidden \" id=\"avia_5_1\" value=\"\" \/><\/p><p class=\"form_element \"><input type=\"hidden\" value=\"1\" name=\"avia_generated_form1\" \/><input type=\"submit\" value=\"Send\" class=\"button\"  data-sending-label=\"Sending\"\/><\/p><\/fieldset><\/form><div id=\"ajaxresponse_1\" class=\"ajaxresponse ajaxresponse_1 hidden\"><\/div><\/p><\/div><div  class='flex_column av-4lwpb-d77e4b33b6f0bec6eb04415e2c9b9d37 av_one_fifth  avia-builder-el-11  el_after_av_four_fifth  avia-builder-el-last  flex_column_div  '     ><div  class='avia-builder-widget-area clearfix  avia-builder-el-12  avia-builder-el-no-sibling '><section id=\"text-2\" class=\"widget clearfix widget_text\">\t\t\t<div class=\"textwidget\"><div class=\"widget widget_text\">\n<h3>Le Quinze Hotel<\/h3>\n<div class=\"textwidget\">\n<p>Grand Place 15<br \/>\n1000 Brussels<br \/>\nTel +32 (0)2 511 09 56<\/p>\n<\/div>\n<\/div>\n<div class=\"widget widget_text\">\n<h3>Services<\/h3>\n<div class=\"textwidget\">\n<p><span class=\"Y2IQFc\" lang=\"en\">Reception from 7 a.m. to 8 p.m. Flat screen TV Bathroom with bathtub free WIFI Breakfast buffet at the Kelderke tavern Partner restaurants offering benefits In-room safe Laundry service on request<\/span>e<\/p>\n<\/div>\n<\/div>\n<\/div>\n\t\t<span class=\"seperator extralight-border\"><\/span><\/section><section id=\"text-5\" class=\"widget clearfix widget_text\">\t\t\t<div class=\"textwidget\"><div  class='avia-button-wrap av-l4fqxmid-a2314f2e33489aa2a9d67763fc6265e9-wrap avia-button-center  customBtn'>\n<style type=\"text\/css\" data-created_by=\"avia_inline_auto\" id=\"style-css-av-l4fqxmid-a2314f2e33489aa2a9d67763fc6265e9\">\n#top #wrap_all .avia-button.av-l4fqxmid-a2314f2e33489aa2a9d67763fc6265e9:hover{\nbackground-color:#ff8411;\ncolor:white;\ntransition:all 0.4s ease-in-out;\n}\n#top #wrap_all .avia-button.av-l4fqxmid-a2314f2e33489aa2a9d67763fc6265e9:hover .avia-svg-icon svg:first-child{\nfill:white;\nstroke:white;\n}\n<\/style>\n<a href='\/liste-des-prix-hotel-le-quinze'  class='avia-button av-l4fqxmid-a2314f2e33489aa2a9d67763fc6265e9 av-link-btn avia-icon_select-no avia-size-small avia-position-center avia-color-theme-color avia-font-color-theme-color'   aria-label=\"Our prices\"><span class='avia_iconbox_title' >Our prices<\/span><\/a><\/div>\n<div  class='avia-button-wrap av-l4fqxmid-c48b4e11dfaaed55ba47c835c1f42768-wrap avia-button-center  customBtn'>\n<style type=\"text\/css\" data-created_by=\"avia_inline_auto\" id=\"style-css-av-l4fqxmid-c48b4e11dfaaed55ba47c835c1f42768\">\n#top #wrap_all .avia-button.av-l4fqxmid-c48b4e11dfaaed55ba47c835c1f42768:hover{\nbackground-color:#ff8411;\ncolor:white;\ntransition:all 0.4s ease-in-out;\n}\n#top #wrap_all .avia-button.av-l4fqxmid-c48b4e11dfaaed55ba47c835c1f42768:hover .avia-svg-icon svg:first-child{\nfill:white;\nstroke:white;\n}\n<\/style>\n<a href='https:\/\/www.google.com\/search?q=hotel+le+quinze&amp;amp;rlz=1C1CHBF_frBE844BE844&amp;amp;oq=hotel+le+quinze&amp;amp;aqs=chrome.0.0i355i457i512j46i175i199i512j0i402j0i22i30l2j69i60l3.4728j0j7&amp;amp;sourceid=chrome&amp;amp;ie=UTF-8#lrd=0x47c3c47f4d109b81:0xfe49f56afd80180f,3,,,'  class='avia-button av-l4fqxmid-c48b4e11dfaaed55ba47c835c1f42768 av-link-btn avia-icon_select-no avia-size-small avia-position-center avia-color-theme-color avia-font-color-theme-color'  target=\"_blank\"  rel=\"noopener noreferrer\"  aria-label=\"Your opinion \"><span class='avia_iconbox_title' >Your opinion <\/span><\/a><\/div>\n\n<div  class='avia-button-wrap av-l4fqxmid-c4a6ec6a605d386f33b66a3dd7e781e3-wrap avia-button-center  customBtn'>\n<style type=\"text\/css\" data-created_by=\"avia_inline_auto\" id=\"style-css-av-l4fqxmid-c4a6ec6a605d386f33b66a3dd7e781e3\">\n#top #wrap_all .avia-button.av-l4fqxmid-c4a6ec6a605d386f33b66a3dd7e781e3:hover{\nbackground-color:#ff8411;\ncolor:white;\ntransition:all 0.4s ease-in-out;\n}\n#top #wrap_all .avia-button.av-l4fqxmid-c4a6ec6a605d386f33b66a3dd7e781e3:hover .avia-svg-icon svg:first-child{\nfill:white;\nstroke:white;\n}\n<\/style>\n<a href='\/hotel-grand-place-bruxelles'  class='avia-button av-l4fqxmid-c4a6ec6a605d386f33b66a3dd7e781e3 av-link-btn avia-icon_select-no avia-size-small avia-position-center avia-color-theme-color avia-font-color-theme-color'   aria-label=\"Contact us\"><span class='avia_iconbox_title' >Contact us<\/span><\/a><\/div>\n\n<\/div>\n\t\t<span class=\"seperator extralight-border\"><\/span><\/section><\/div><\/div><\/div><\/div><\/div><!-- close content main div --><\/div><\/div><div id='after_section_2'  class='main_color av_default_container_wrap container_wrap sidebar_right'  ><div class='container av-section-cont-open' ><div class='template-page content  av-content-small alpha units'><div class='post-entry post-entry-type-page post-entry-381'><div class='entry-content-wrapper clearfix'>\n","protected":false},"excerpt":{"rendered":"","protected":false},"author":16,"featured_media":0,"parent":0,"menu_order":0,"comment_status":"closed","ping_status":"closed","template":"","meta":{"footnotes":""},"class_list":["post-381","page","type-page","status-publish","hentry"],"_links":{"self":[{"href":"https:\/\/hotel-le-quinze-grand-place.be\/en\/wp-json\/wp\/v2\/pages\/381","targetHints":{"allow":["GET"]}}],"collection":[{"href":"https:\/\/hotel-le-quinze-grand-place.be\/en\/wp-json\/wp\/v2\/pages"}],"about":[{"href":"https:\/\/hotel-le-quinze-grand-place.be\/en\/wp-json\/wp\/v2\/types\/page"}],"author":[{"embeddable":true,"href":"https:\/\/hotel-le-quinze-grand-place.be\/en\/wp-json\/wp\/v2\/users\/16"}],"replies":[{"embeddable":true,"href":"https:\/\/hotel-le-quinze-grand-place.be\/en\/wp-json\/wp\/v2\/comments?post=381"}],"version-history":[{"count":3,"href":"https:\/\/hotel-le-quinze-grand-place.be\/en\/wp-json\/wp\/v2\/pages\/381\/revisions"}],"predecessor-version":[{"id":489,"href":"https:\/\/hotel-le-quinze-grand-place.be\/en\/wp-json\/wp\/v2\/pages\/381\/revisions\/489"}],"wp:attachment":[{"href":"https:\/\/hotel-le-quinze-grand-place.be\/en\/wp-json\/wp\/v2\/media?parent=381"}],"curies":[{"name":"wp","href":"https:\/\/api.w.org\/{rel}","templated":true}]}}