{"id":396,"date":"2022-06-15T18:29:46","date_gmt":"2022-06-15T16:29:46","guid":{"rendered":"https:\/\/lequinze.simple.foodle.co\/privacy-policy\/"},"modified":"2022-06-16T16:17:56","modified_gmt":"2022-06-16T14:17:56","slug":"privacy-policy","status":"publish","type":"page","link":"https:\/\/hotel-le-quinze-grand-place.be\/en\/privacy-policy\/","title":{"rendered":"Privacy Policy"},"content":{"rendered":"\n<style type=\"text\/css\" data-created_by=\"avia_inline_auto\" id=\"style-css-av-av_section-3c974d79399f1622bf978987c257d2a6\">\n.avia-section.av-av_section-3c974d79399f1622bf978987c257d2a6{\nbackground-repeat:no-repeat;\nbackground-image:url(https:\/\/hotel-le-quinze-grand-place.be\/wp-content\/uploads\/sites\/29\/2022\/06\/background_leQuinzejpg-300x200.jpg);\nbackground-position:0% 0%;\nbackground-attachment:scroll;\nmargin-top:0px;\nmargin-bottom:0px;\n}\n<\/style>\n<div id='av_section_1'  class='avia-section av-av_section-3c974d79399f1622bf978987c257d2a6 main_color avia-section-large avia-no-border-styling  avia-builder-el-0  el_before_av_section  avia-builder-el-first  bandeFile avia-full-stretch avia-bg-style-scroll container_wrap sidebar_right'  data-section-bg-repeat='stretch'><div class='container av-section-cont-open' ><main  role=\"main\" itemprop=\"mainContentOfPage\"  class='template-page content  av-content-small alpha units'><div class='post-entry post-entry-type-page post-entry-396'><div class='entry-content-wrapper clearfix'>\n\n<style type=\"text\/css\" data-created_by=\"avia_inline_auto\" id=\"style-css-av-l4grlo68-716f0fe9adc7b3150fcab54715b0b11f\">\n#top .av-special-heading.av-l4grlo68-716f0fe9adc7b3150fcab54715b0b11f{\npadding-bottom:10px;\ncolor:#ffffff;\nfont-size:40px;\n}\nbody .av-special-heading.av-l4grlo68-716f0fe9adc7b3150fcab54715b0b11f .av-special-heading-tag .heading-char{\nfont-size:25px;\n}\n#top #wrap_all .av-special-heading.av-l4grlo68-716f0fe9adc7b3150fcab54715b0b11f .av-special-heading-tag{\nfont-size:40px;\n}\n.av-special-heading.av-l4grlo68-716f0fe9adc7b3150fcab54715b0b11f .special-heading-inner-border{\nborder-color:#ffffff;\n}\n.av-special-heading.av-l4grlo68-716f0fe9adc7b3150fcab54715b0b11f .av-subheading{\nfont-size:15px;\n}\n\n@media only screen and (min-width: 480px) and (max-width: 767px){ \n#top #wrap_all .av-special-heading.av-l4grlo68-716f0fe9adc7b3150fcab54715b0b11f .av-special-heading-tag{\nfont-size:0.8em;\n}\n}\n\n@media only screen and (max-width: 479px){ \n#top #wrap_all .av-special-heading.av-l4grlo68-716f0fe9adc7b3150fcab54715b0b11f .av-special-heading-tag{\nfont-size:0.8em;\n}\n}\n<\/style>\n<div  class='av-special-heading av-l4grlo68-716f0fe9adc7b3150fcab54715b0b11f av-special-heading-h3 custom-color-heading blockquote modern-quote modern-centered  avia-builder-el-1  el_before_av_hr  avia-builder-el-first  h3custom av-inherit-size'><h3 class='av-special-heading-tag '  itemprop=\"headline\"  >POLITIQUE DE CONFIDENTIALIT\u00c9 <span class='special_amp'>&amp;<\/span> Conditions g\u00e9n\u00e9rales d\u2019utilisation du site et charte vie priv\u00e9e<\/h3><div class=\"special-heading-border\"><div class=\"special-heading-inner-border\"><\/div><\/div><\/div>\n\n<style type=\"text\/css\" data-created_by=\"avia_inline_auto\" id=\"style-css-av-av_hr-cdbe312f45ec5e7f4116659c729982d5\">\n#top .hr.av-av_hr-cdbe312f45ec5e7f4116659c729982d5{\nmargin-top:-50;\nmargin-bottom:50px;\n}\n.hr.av-av_hr-cdbe312f45ec5e7f4116659c729982d5 .hr-inner{\nwidth:90px;\nborder-color:#ff8411;\n}\n<\/style>\n<div  class='hr av-av_hr-cdbe312f45ec5e7f4116659c729982d5 hr-custom  avia-builder-el-2  el_after_av_heading  avia-builder-el-last  separateur hr-center hr-icon-no'><span class='hr-inner inner-border-av-border-thin'><span class=\"hr-inner-style\"><\/span><\/span><\/div>\n<\/div><\/div><\/main><!-- close content main element --><\/div><\/div><div id='av_section_2'  class='avia-section av-av_section-33b4a033c2ba8238383305c6eca573ff main_color avia-section-default avia-no-border-styling  avia-builder-el-3  el_after_av_section  avia-builder-el-last  avia-bg-style-scroll container_wrap sidebar_right'  ><div class='container av-section-cont-open' ><div class='template-page content  av-content-small alpha units'><div class='post-entry post-entry-type-page post-entry-396'><div class='entry-content-wrapper clearfix'>\n<div  class='flex_column av-av_four_fifth-e35d4d7392d344ede5b92e9eb6686da9 av_four_fifth  avia-builder-el-4  el_before_av_one_fifth  avia-builder-el-first  first flex_column_div  '     ><section  class='av_textblock_section av-l4grnjl7-9ea312e0ab96b00ee3d5854d75179e8c '   itemscope=\"itemscope\" itemtype=\"https:\/\/schema.org\/CreativeWork\" ><div class='avia_textblock paragraph'  itemprop=\"text\" ><h3>Article 1: object<\/h3>\n<p>The purpose of these \u201cgeneral terms and conditions of use\u201d is to provide a legal framework for the terms and conditions for providing the services of the site www.hotel-le-quinze-grand-place.be and their use by the \u201cUser\u201d.<br \/>\nThe general conditions of use must be accepted by any User wishing to access the site. They constitute the contract between the site and the User. Access to the site by the User signifies his acceptance of these general conditions of use.<br \/>\nIn the event of non-acceptance of the general conditions of use stipulated in this contract, the User must renounce access to the services offered by the site.<br \/>\nwww.hotel-le-quinze-grand-place.be reserves the right to unilaterally modify the content of these general conditions of use at any time.<br \/>\nwww.hotel-le-quinze-grand-place.be also wishes to inform you of any processing operations involving your personal data and your rights in this respect. By using our site, you expressly agree to the collection and processing of your personal data by nomdusite.be in the manner described in this document.<\/p>\n<h3>Article 2: Legal notices<\/h3>\n<p><strong>2.1 Site manager<\/strong><br \/>\nCompany name: SHGP<br \/>\nResponsible person: Yves De flandre<br \/>\nHead office address: Grand Place 15 1000 Brussels<br \/>\nPhone number : 02 511 09 56<br \/>\nMail : info@lequinze.be<br \/>\nCompany number: BE 0461.134.436<br \/>\nTVA number : BE 0461.134.436<\/p>\n<p><strong>2.2 Site editor<\/strong><br \/>\nCompany name: Neocity Sprl<br \/>\nResponsible person: Eric Merken<br \/>\nHead office address: rue du Merlo, 33 1180 Brussels<br \/>\nPhone: +32 (0)2 374 63 84<br \/>\nMail : legal@oye-oye.net<\/p>\n<p><strong>2.3 Hosting of the site<\/strong><br \/>\nSite host: OVH<br \/>\nHead office address: 2 rue Kellermann \u2013 F-59100 Roubaix<\/p>\n<h3>Article 3: Definitions<\/h3>\n<p>The purpose of this clause is to define the various essential terms of the contract:<br \/>\nUser: this term designates any person who uses the site or one of the services offered by the site.<br \/>\nUser content: this is the data transmitted by the User within the site.<br \/>\nMember: the User becomes a member when he is identified on the site.<br \/>\nUsername and password: this is all the information necessary to identify a User on the site. The username and password allow the User to access services reserved for members of the site. The password is confidential.<\/p>\n<h3>Article 4: Access to services<\/h3>\n<p>The site allows the User free access to the following services:<br \/>\nService Overview<br \/>\nand\/or<br \/>\nOrdering services or equipment<br \/>\nand\/or<br \/>\nReservation in the establishment<\/p>\n<p>The site is accessible free of charge anywhere to any User with Internet access. All costs incurred by the User to access the service (hardware, software, Internet connection, etc.) are his responsibility.<br \/>\nThe site implements all the means at its disposal to ensure quality access to its services. The obligation being of means, the site does not undertake to achieve this result.<br \/>\nAny event due to a case of force majeure resulting in a malfunction of the network or the server does not engage the responsibility of www.hotel-le-quinze-grand-place.be<br \/>\nAccess to the services of the site may at any time be subject to interruption, suspension, modification without notice for maintenance or for any other case. The User undertakes not to claim any compensation following the interruption, suspension or modification of this contract.<br \/>\nThe User has the possibility of contacting the site by e-mail at the address:<br \/>\ncustomer email<\/p>\n<h3>Article 5: Intellectual property<\/h3>\n<p>The trademarks, logos, signs and any other content of the site are protected by the Intellectual Property Code and more particularly by copyright.<br \/>\nThe User requests the prior authorization of the site for any reproduction, publication, copy of the various contents.<br \/>\nThe User agrees to use the content of the site in a strictly private setting. Use of content for commercial purposes is strictly prohibited.<br \/>\nAny content posted by the User is his sole responsibility. The User agrees not to upload content that may harm the interests of third parties. Any legal action brought by an injured third party against the site will be borne by the User.<br \/>\nThe User&#8217;s content may be deleted or modified by the site at any time and for any reason. The User does not receive any justification and notification prior to the deletion or modification of the User content.<\/p>\n<h3>Article 6: Liability and force majeure<\/h3>\n<p>The sources of the information disseminated on the site are deemed to be reliable. However, the site reserves the right to not guarantee the reliability of the sources. The information given on the site is for informational purposes only. Thus, the User alone assumes full responsibility for the use of the information and content of this site.<br \/>\nAny use of the service by the User resulting directly or indirectly in damage must be subject to compensation for the benefit of the site.<br \/>\nAn optimal guarantee of the security and confidentiality of the data transmitted is not provided by the site. However, the site undertakes to implement all necessary means to best guarantee the security and confidentiality of data.<br \/>\nThe site cannot be held liable in the event of force majeure or the unforeseeable and insurmountable act of a third party.<\/p>\n<h3>Article 7: Hypertext links<\/h3>\n<p>www.hotel-le-quinze-grand-place.be may contain a number of hypertext links to other sites. However, does not have the possibility of verifying the content of the sites thus visited, and therefore assumes no responsibility for this fact.<\/p>\n<h3>Article 8: Cookies<\/h3>\n<p>Browsing the site www.hotel-le-quinze-grand-place.be is likely to cause the installation of cookie(s) on the user&#8217;s computer. A cookie is a small file, which does not allow the identification of the user, but which records information relating to the navigation of a computer on a site. The data thus obtained are intended to facilitate subsequent navigation on the site, and are also intended to allow various measures of attendance.<br \/>\nThe User can deactivate the installation of cookie(s) by adjusting the parameters of their browser software.<br \/>\nThe www.hotel-le-quinze-grand-place.be website uses the \u201cGoogle Analytics\u201d analysis tool.<br \/>\nThe data collected is non-personal statistical site traffic data.<br \/>\nThey are collected for the following purposes:<br \/>\nCheck that the target audience has been reached;<br \/>\nImprove the natural referencing of the site;<br \/>\nCheck that the site has a sufficient degree of visibility;<br \/>\nDetermine the actions to be taken in order to improve the visibility of the services offered by the site.<br \/>\nFor more information on the Privacy Policy related to the use of Google Analytics, refer to the site https:\/\/support.google.com\/analytics\/answer\/6004245<br \/>\nThe site keeps the data collected by Google Analytics<br \/>\nIndefinitely\u2612\/14 months\u2610\/26 months\u2610\/38 months\u2610\/50 months\u2610 \/ (https:\/\/support.google.com\/analytics\/answer\/7667196?hl=fr)<br \/>\nIf you do not want Google Analytics to be able to analyze your activity on the sites you visit, you can install the Google Analytics Opt-out Browser Add-on (https:\/\/tools.google.com\/dlpage\/gaoptout?hl= Fr)<br \/>\nThe site contains computer applications from third parties. This may particularly be the case with buttons\/links to social networks (this is, among other things, the case with the \u201cShare\u201d and \u201cLike\u201d buttons, from social networks such as Facebook, Google +, etc.). We therefore invite you to consult their policy for the management of cookies and in particular for the protection of privacy.<\/p>\n<h3>Article 9: Privacy Policy<\/h3>\n<p>\u201cShowcase\u201d sites<\/p>\n<p>www.hotel-le-quinze-grand-place.be only collects personal information relating to the user for the need of certain services and in particular via contact forms or booking or quote request forms. The data collected only consists of information encoded by the user and visible on the screen by the User. The user provides this information with full knowledge of the facts, in particular when he enters it himself.<br \/>\nThe data collected is only used for the purpose of making contact or processing reservations or orders. The data is only kept for the time necessary to make contact or to process the order.<br \/>\nAny user has a right of access, rectification and opposition to personal data concerning him, by making his written and signed request to the address of the head office of the site manager, specifying the address to which the response should be sent.<br \/>\nAucune information personnelle ne sera jamais publi\u00e9e \u00e0 l\u2019insu de l\u2019utilisateur du site, ni \u00e9chang\u00e9e, transf\u00e9r\u00e9e, c\u00e9d\u00e9e ou vendue sur un support quelconque \u00e0 des tiers.<\/p>\n<p>e-commerce<br \/>\nIn the case of an online sales site, additional documents are available on the site. They specify the conditions of sale, withdrawal and modification of personal data collected for the sale and delivery of the products offered.<\/p>\n<p>In general<br \/>\nAny user also has the right to lodge a complaint with a supervisory authority. The supervisory authority in Belgium is the Privacy Commission.<\/p>\n<h3>Article 10: Evolution of the contract<\/h3>\n<p>The site reserves the right to modify the clauses stipulated in this contract at any time.<\/p>\n<h3>Article 11: Duration<\/h3>\n<p>The duration of this contract is indefinite. The contract takes effect with regard to the User from the use of the service.<\/p>\n<h3>Article 12: Applicable law and competent jurisdiction<\/h3>\n<p>Belgian law applies to this contract. In the event of absence of amicable resolution of a dispute arising between the parties, only the courts of the main city and judicial district are competent.<\/p>\n<\/div><\/section><\/div><div  class='flex_column av-av_one_fifth-42d37b427ea0fe62155da7ff29a9dab8 av_one_fifth  avia-builder-el-6  el_after_av_four_fifth  avia-builder-el-last  flex_column_div  '     ><div  class='avia-builder-widget-area clearfix  avia-builder-el-7  avia-builder-el-no-sibling '><section id=\"text-2\" class=\"widget clearfix widget_text\">\t\t\t<div class=\"textwidget\"><div class=\"widget widget_text\">\n<h3>Le Quinze Hotel<\/h3>\n<div class=\"textwidget\">\n<p>Grand Place 15<br \/>\n1000 Brussels<br \/>\nTel +32 (0)2 511 09 56<\/p>\n<\/div>\n<\/div>\n<div class=\"widget widget_text\">\n<h3>Services<\/h3>\n<div class=\"textwidget\">\n<p><span class=\"Y2IQFc\" lang=\"en\">Reception from 7 a.m. to 8 p.m. Flat screen TV Bathroom with bathtub free WIFI Breakfast buffet at the Kelderke tavern Partner restaurants offering benefits In-room safe Laundry service on request<\/span>e<\/p>\n<\/div>\n<\/div>\n<\/div>\n\t\t<span class=\"seperator extralight-border\"><\/span><\/section><section id=\"text-5\" class=\"widget clearfix widget_text\">\t\t\t<div class=\"textwidget\"><div  class='avia-button-wrap av-l4fqxmid-a2314f2e33489aa2a9d67763fc6265e9-wrap avia-button-center  customBtn'>\n<style type=\"text\/css\" data-created_by=\"avia_inline_auto\" id=\"style-css-av-l4fqxmid-a2314f2e33489aa2a9d67763fc6265e9\">\n#top #wrap_all .avia-button.av-l4fqxmid-a2314f2e33489aa2a9d67763fc6265e9:hover{\nbackground-color:#ff8411;\ncolor:white;\ntransition:all 0.4s ease-in-out;\n}\n#top #wrap_all .avia-button.av-l4fqxmid-a2314f2e33489aa2a9d67763fc6265e9:hover .avia-svg-icon svg:first-child{\nfill:white;\nstroke:white;\n}\n<\/style>\n<a href='\/liste-des-prix-hotel-le-quinze'  class='avia-button av-l4fqxmid-a2314f2e33489aa2a9d67763fc6265e9 av-link-btn avia-icon_select-no avia-size-small avia-position-center avia-color-theme-color avia-font-color-theme-color'   aria-label=\"Our prices\"><span class='avia_iconbox_title' >Our prices<\/span><\/a><\/div>\n<div  class='avia-button-wrap av-l4fqxmid-c48b4e11dfaaed55ba47c835c1f42768-wrap avia-button-center  customBtn'>\n<style type=\"text\/css\" data-created_by=\"avia_inline_auto\" id=\"style-css-av-l4fqxmid-c48b4e11dfaaed55ba47c835c1f42768\">\n#top #wrap_all .avia-button.av-l4fqxmid-c48b4e11dfaaed55ba47c835c1f42768:hover{\nbackground-color:#ff8411;\ncolor:white;\ntransition:all 0.4s ease-in-out;\n}\n#top #wrap_all .avia-button.av-l4fqxmid-c48b4e11dfaaed55ba47c835c1f42768:hover .avia-svg-icon svg:first-child{\nfill:white;\nstroke:white;\n}\n<\/style>\n<a href='https:\/\/www.google.com\/search?q=hotel+le+quinze&amp;amp;rlz=1C1CHBF_frBE844BE844&amp;amp;oq=hotel+le+quinze&amp;amp;aqs=chrome.0.0i355i457i512j46i175i199i512j0i402j0i22i30l2j69i60l3.4728j0j7&amp;amp;sourceid=chrome&amp;amp;ie=UTF-8#lrd=0x47c3c47f4d109b81:0xfe49f56afd80180f,3,,,'  class='avia-button av-l4fqxmid-c48b4e11dfaaed55ba47c835c1f42768 av-link-btn avia-icon_select-no avia-size-small avia-position-center avia-color-theme-color avia-font-color-theme-color'  target=\"_blank\"  rel=\"noopener noreferrer\"  aria-label=\"Your opinion \"><span class='avia_iconbox_title' >Your opinion <\/span><\/a><\/div>\n\n<div  class='avia-button-wrap av-l4fqxmid-c4a6ec6a605d386f33b66a3dd7e781e3-wrap avia-button-center  customBtn'>\n<style type=\"text\/css\" data-created_by=\"avia_inline_auto\" id=\"style-css-av-l4fqxmid-c4a6ec6a605d386f33b66a3dd7e781e3\">\n#top #wrap_all .avia-button.av-l4fqxmid-c4a6ec6a605d386f33b66a3dd7e781e3:hover{\nbackground-color:#ff8411;\ncolor:white;\ntransition:all 0.4s ease-in-out;\n}\n#top #wrap_all .avia-button.av-l4fqxmid-c4a6ec6a605d386f33b66a3dd7e781e3:hover .avia-svg-icon svg:first-child{\nfill:white;\nstroke:white;\n}\n<\/style>\n<a href='\/hotel-grand-place-bruxelles'  class='avia-button av-l4fqxmid-c4a6ec6a605d386f33b66a3dd7e781e3 av-link-btn avia-icon_select-no avia-size-small avia-position-center avia-color-theme-color avia-font-color-theme-color'   aria-label=\"Contact us\"><span class='avia_iconbox_title' >Contact us<\/span><\/a><\/div>\n\n<\/div>\n\t\t<span class=\"seperator extralight-border\"><\/span><\/section><\/div><\/div><\/div><\/div><\/div><!-- close content main div --><\/div><\/div><div id='after_section_2'  class='main_color av_default_container_wrap container_wrap sidebar_right'  ><div class='container av-section-cont-open' ><div class='template-page content  av-content-small alpha units'><div class='post-entry post-entry-type-page post-entry-396'><div class='entry-content-wrapper clearfix'><\/p>\n","protected":false},"excerpt":{"rendered":"","protected":false},"author":16,"featured_media":0,"parent":0,"menu_order":0,"comment_status":"closed","ping_status":"closed","template":"","meta":{"footnotes":""},"class_list":["post-396","page","type-page","status-publish","hentry"],"_links":{"self":[{"href":"https:\/\/hotel-le-quinze-grand-place.be\/en\/wp-json\/wp\/v2\/pages\/396","targetHints":{"allow":["GET"]}}],"collection":[{"href":"https:\/\/hotel-le-quinze-grand-place.be\/en\/wp-json\/wp\/v2\/pages"}],"about":[{"href":"https:\/\/hotel-le-quinze-grand-place.be\/en\/wp-json\/wp\/v2\/types\/page"}],"author":[{"embeddable":true,"href":"https:\/\/hotel-le-quinze-grand-place.be\/en\/wp-json\/wp\/v2\/users\/16"}],"replies":[{"embeddable":true,"href":"https:\/\/hotel-le-quinze-grand-place.be\/en\/wp-json\/wp\/v2\/comments?post=396"}],"version-history":[{"count":3,"href":"https:\/\/hotel-le-quinze-grand-place.be\/en\/wp-json\/wp\/v2\/pages\/396\/revisions"}],"predecessor-version":[{"id":452,"href":"https:\/\/hotel-le-quinze-grand-place.be\/en\/wp-json\/wp\/v2\/pages\/396\/revisions\/452"}],"wp:attachment":[{"href":"https:\/\/hotel-le-quinze-grand-place.be\/en\/wp-json\/wp\/v2\/media?parent=396"}],"curies":[{"name":"wp","href":"https:\/\/api.w.org\/{rel}","templated":true}]}}